{"id":28,"date":"2024-03-20T14:38:00","date_gmt":"2024-03-20T13:38:00","guid":{"rendered":"https:\/\/estudiocanoarquitectos.difadi.net\/legal-notice\/"},"modified":"2025-03-18T19:07:05","modified_gmt":"2025-03-18T18:07:05","slug":"aviso-legal","status":"publish","type":"page","link":"https:\/\/www.estudiocano.es\/es\/aviso-legal\/","title":{"rendered":"Aviso legal"},"content":{"rendered":"\t\t<div data-elementor-type=\"wp-page\" data-elementor-id=\"28\" class=\"elementor elementor-28 elementor-13\" data-elementor-post-type=\"page\">\n\t\t\t\t<div class=\"elementor-element elementor-element-60f41522 e-flex e-con-boxed e-con e-parent\" data-id=\"60f41522\" data-element_type=\"container\" data-e-type=\"container\">\n\t\t\t\t\t<div class=\"e-con-inner\">\n\t\t\t\t<div class=\"elementor-element elementor-element-1c77ad7 elementor-widget elementor-widget-text-editor\" data-id=\"1c77ad7\" data-element_type=\"widget\" data-e-type=\"widget\" data-widget_type=\"text-editor.default\">\n\t\t\t\t<div class=\"elementor-widget-container\">\n\t\t\t\t\t\t\t\t\t<h5>\u00a0<\/h5><h5 style=\"text-align: center;\"><strong>AVISO LEGAL de www.estudiocano.es<\/strong><\/h5><p><strong>Introducci\u00f3n<\/strong><\/p><p>En cumplimiento de la Ley 34\/2002, de 11 de julio, de Servicios de la Sociedad de la Informaci\u00f3n y de Comercio Electr\u00f3nico (LSSI-CE), ESTUDIO CANO ARQUITECTURA SLP informa que es titular del sitio web. De acuerdo con la exigencia del art\u00edculo 10 de la citada Ley, ESTUDIO CANO ARQUITECTURA SLP informa de los siguientes datos:<\/p><table><tbody><tr><td width=\"174\"><p><strong>RAZ\u00d3N SOCIAL<\/strong><\/p><\/td><td width=\"407\"><p>ESTUDIO CANO ARQUITECTURA SLP<\/p><\/td><\/tr><tr><td width=\"174\"><p><strong>NIF<\/strong><\/p><\/td><td width=\"407\"><p>B57819377<\/p><\/td><\/tr><tr><td width=\"174\"><p><strong>DOMINIO<\/strong><\/p><\/td><td width=\"407\"><p><a href=\"http:\/\/www.estudiocano.es\/\">www.estudiocano.es<\/a><\/p><\/td><\/tr><tr><td width=\"174\"><p><strong>DIRECCI\u00d3N POSTAL<\/strong><\/p><\/td><td width=\"407\"><p>CAM\u00cd DELS REIS 168, PLANTA 3, 07011 PALMA DE MALLORCA(ILLES BALEARS)<\/p><\/td><\/tr><tr><td width=\"174\"><p><strong>DIRECCI\u00d3N ELECTR\u00d3NICA<\/strong><\/p><\/td><td width=\"407\"><p><a href=\"mailto:info@estudiocano.es\">info@estudiocano.es<\/a><\/p><\/td><\/tr><tr><td width=\"174\"><p><strong>TEL\u00c9FONOS<\/strong><\/p><\/td><td width=\"407\"><p>971715171<\/p><\/td><\/tr><tr><td width=\"174\"><p><strong>N.\u00ba REGISTRO\/DATOS ADICIONALES<\/strong><\/p><\/td><td width=\"407\">\u00a0<\/td><\/tr><\/tbody><\/table><p>\u00a0<\/p><p><strong>Usuario y r\u00e9gimen de responsabilidades<\/strong><\/p><p>La navegaci\u00f3n, acceso y uso por el sitio web de ESTUDIO CANO ARQUITECTURA SLP confiere la condici\u00f3n de usuario.<\/p><p>El sitio web de ESTUDIO CANO ARQUITECTURA SLP proporciona gran diversidad de informaci\u00f3n, servicios y datos. El usuario asume su responsabilidad en el uso correcto del sitio web. Esta responsabilidad se extender\u00e1 a:<\/p><ul><li>La veracidad y licitud de las informaciones aportadas por el usuario en los formularios extendidos por ESTUDIO CANO ARQUITECTURA SLP para el acceso a ciertos contenidos o servicios ofrecidos por el web.<\/li><\/ul><ul><li>\u00a0El uso de la informaci\u00f3n, servicios y datos ofrecidos por ESTUDIO CANO ARQUITECTURA SLP contrariamente a lo dispuesto por las presentes condiciones, la Ley, la moral, las buenas costumbres o el orden p\u00fablico, o que de cualquier otro modo puedan suponer lesi\u00f3n de los derechos de terceros o del mismo funcionamiento del sitio web.<\/li><\/ul><p>\u00a0<\/p><p><strong>Pol\u00edtica de enlaces y exenciones de responsabilidad<\/strong><\/p><p>ESTUDIO CANO ARQUITECTURA SLP no se hace responsable del contenido de los sitios web a los que el usuario pueda acceder a trav\u00e9s de los enlaces establecidos en su sitio web, siempre que no tenga conocimiento efectivo de que la actividad o la informaci\u00f3n a la que remite o recomienda es il\u00edcita o de que lesiona bienes o derechos de un tercero susceptibles de indemnizaci\u00f3n, o, en caso de tenerlo, act\u00fae con diligencia para suprimir o inutilizar el enlace correspondiente.<\/p><p>Se entender\u00e1 que ESTUDIO CANO ARQUITECTURA SLP tiene el conocimiento efectivo a que se refiere el p\u00e1rrafo anterior cuando un \u00f3rgano competente haya declarado la ilicitud de los datos, ordenado su retirada o que se imposibilite el acceso a los mismos, o se hubiera declarado la existencia de la lesi\u00f3n, y ESTUDIO CANO ARQUITECTURA SLP conociera la correspondiente resoluci\u00f3n, sin perjuicio de los procedimientos de detecci\u00f3n y retirada de contenidos que ESTUDIO CANO ARQUITECTURA SLP aplique en virtud de acuerdos voluntarios y de otros medios de conocimiento efectivo que pudieran establecerse.<\/p><p>ESTUDIO CANO ARQUITECTURA SLP declara haber adoptado todas las medidas necesarias para evitar cualquier da\u00f1o a los usuarios de su sitio web, que pudieran derivarse de la navegaci\u00f3n por su sitio web. En consecuencia, ESTUDIO CANO ARQUITECTURA SLP no se hace responsable, en ning\u00fan caso, de los eventuales da\u00f1os que por la navegaci\u00f3n por Internet pudiera sufrir el usuario. Asimismo, tampoco garantizar\u00e1 la disponibilidad t\u00e9cnica, exactitud, veracidad, validez o legalidad de sitios ajenos a su propiedad a los que se pueda acceder por medio de los enlaces.<\/p><p>\u00a0<\/p><p><strong>Modificaciones<\/strong><\/p><p>ESTUDIO CANO ARQUITECTURA SLP se reserva la facultad de efectuar, en cualquier momento y sin necesidad de previo aviso, modificaciones y actualizaciones de la informaci\u00f3n contenida en su sitio web o en la configuraci\u00f3n y presentaci\u00f3n de esta. Con objeto de mantener actualizada la informaci\u00f3n publicada, los contenidos del mismo podr\u00e1n ser modificados, corregidos, eliminados o a\u00f1adidos en cualquier momento, por cualquier forma admisible en derecho.<\/p><p>\u00a0<\/p><p><strong>Indicaci\u00f3n de precios<\/strong><\/p><p>En caso de que se muestren precios de productos y\/o servicios, los indicados en pantalla ser\u00e1n los vigentes en cada momento. Los precios ser\u00e1n indicados en euros y tendr\u00e1n incorporado el Impuesto sobre el Valor A\u00f1adido (IVA). En caso de que no se incorpore el IVA en el precio, se indicar\u00e1 de manera expresa y se permitir\u00e1 al usuario visualizar el precio final completo.<\/p><p>Asimismo, si fuera aplicable cualquier otro impuesto, as\u00ed se indicar\u00eda, incluyendo, en su caso, el importe de los incrementos o descuentos que sean de aplicaci\u00f3n a la oferta y los gastos adicionales que puedan repercutir al consumidor o usuario.<\/p><p>\u00a0<\/p><p><strong>Propiedad intelectual e industrial<\/strong><\/p><p>ESTUDIO CANO ARQUITECTURA SLP por s\u00ed misma o como cesionaria, es titular de todos los derechos de propiedad intelectual e industrial de su p\u00e1gina web, as\u00ed como de los elementos contenidos en la misma (a t\u00edtulo enunciativo, im\u00e1genes, sonido, audio, v\u00eddeo, software o textos; marcas o logotipos, combinaciones de colores, estructura y dise\u00f1o, selecci\u00f3n de materiales usados, programas de ordenador necesarios para su funcionamiento, acceso y uso, etc.), titularidad de ESTUDIO CANO ARQUITECTURA SLP. Ser\u00e1n, por consiguiente, obras protegidas como propiedad intelectual por el ordenamiento jur\u00eddico espa\u00f1ol, si\u00e9ndoles aplicables tanto la normativa espa\u00f1ola y comunitaria en este campo, como los tratados internacionales relativos a la materia y suscritos por Espa\u00f1a.<\/p><p>Todos los derechos reservados. En virtud de lo dispuesto en la Ley de Propiedad Intelectual, quedan expresamente prohibidas la reproducci\u00f3n, la distribuci\u00f3n y la comunicaci\u00f3n p\u00fablica, incluida su modalidad de puesta a disposici\u00f3n, de la totalidad o parte de los contenidos de esta p\u00e1gina web, con fines comerciales, en cualquier soporte y por cualquier medio t\u00e9cnico, sin la autorizaci\u00f3n de ESTUDIO CANO ARQUITECTURA SLP.<\/p><p>El usuario se compromete a respetar los derechos de Propiedad Intelectual e Industrial titularidad de ESTUDIO CANO ARQUITECTURA SLP. Podr\u00e1 visualizar los elementos del portal e incluso imprimirlos, copiarlos y almacenarlos en el disco duro de su ordenador o en cualquier otro soporte f\u00edsico siempre y cuando sea, \u00fanica y exclusivamente, para su uso personal y privado. El usuario deber\u00e1 abstenerse de suprimir, alterar, eludir o manipular cualquier dispositivo de protecci\u00f3n o sistema de seguridad que estuviera instalado en las p\u00e1ginas de ESTUDIO CANO ARQUITECTURA SLP.<\/p><p>\u00a0<\/p><p><strong>Acciones legales, legislaci\u00f3n aplicable y jurisdicci\u00f3n<\/strong><\/p><p>Si el usuario desea presentar una reclamaci\u00f3n, deber\u00e1 contactar mediante el correo electr\u00f3nico <a href=\"mailto:info@estudiocano.es\">info@estudiocano.es.<\/a> Asimismo, ESTUDIO CANO ARQUITECTURA SLP dispone de hojas oficiales de reclamaci\u00f3n a disposici\u00f3n de los consumidores y usuarios.<\/p><p>ESTUDIO CANO ARQUITECTURA SLP se reserva la facultad de presentar las acciones civiles o penales que considere oportunas por la utilizaci\u00f3n indebida de su sitio web y contenidos, o por el incumplimiento de las presentes condiciones.<\/p><p>La relaci\u00f3n entre el usuario y el prestador se regir\u00e1 por la normativa vigente y de aplicaci\u00f3n en el territorio espa\u00f1ol. De surgir cualquier controversia las partes podr\u00e1n someter sus conflictos a arbitraje o acudir a la jurisdicci\u00f3n ordinaria cumpliendo con las normas sobre jurisdicci\u00f3n y competencia al respecto.<\/p><p>\u00a0<\/p><p><strong>\u00daltima actualizaci\u00f3n: <\/strong>18 de marzo de 2025<\/p>\t\t\t\t\t\t\t\t<\/div>\n\t\t\t\t<\/div>\n\t\t\t\t\t<\/div>\n\t\t\t\t<\/div>\n\t\t\t\t<\/div>\n\t\t","protected":false},"excerpt":{"rendered":"<p>\u00a0 AVISO LEGAL de www.estudiocano.es Introducci\u00f3n En cumplimiento de la Ley 34\/2002, de 11 de julio, de Servicios de la Sociedad de la Informaci\u00f3n y de Comercio Electr\u00f3nico (LSSI-CE), ESTUDIO CANO ARQUITECTURA SLP informa que es titular del sitio web. De acuerdo con la exigencia del art\u00edculo 10 de la citada Ley, ESTUDIO CANO ARQUITECTURA [&hellip;]<\/p>\n","protected":false},"author":1,"featured_media":0,"parent":0,"menu_order":0,"comment_status":"closed","ping_status":"closed","template":"","meta":{"_acf_changed":false,"footnotes":""},"class_list":["post-28","page","type-page","status-publish","hentry"],"acf":[],"_links":{"self":[{"href":"https:\/\/www.estudiocano.es\/es\/wp-json\/wp\/v2\/pages\/28","targetHints":{"allow":["GET"]}}],"collection":[{"href":"https:\/\/www.estudiocano.es\/es\/wp-json\/wp\/v2\/pages"}],"about":[{"href":"https:\/\/www.estudiocano.es\/es\/wp-json\/wp\/v2\/types\/page"}],"author":[{"embeddable":true,"href":"https:\/\/www.estudiocano.es\/es\/wp-json\/wp\/v2\/users\/1"}],"replies":[{"embeddable":true,"href":"https:\/\/www.estudiocano.es\/es\/wp-json\/wp\/v2\/comments?post=28"}],"version-history":[{"count":39,"href":"https:\/\/www.estudiocano.es\/es\/wp-json\/wp\/v2\/pages\/28\/revisions"}],"predecessor-version":[{"id":3604,"href":"https:\/\/www.estudiocano.es\/es\/wp-json\/wp\/v2\/pages\/28\/revisions\/3604"}],"wp:attachment":[{"href":"https:\/\/www.estudiocano.es\/es\/wp-json\/wp\/v2\/media?parent=28"}],"curies":[{"name":"wp","href":"https:\/\/api.w.org\/{rel}","templated":true}]}}