{"id":2452,"date":"2024-03-20T14:41:37","date_gmt":"2024-03-20T13:41:37","guid":{"rendered":"https:\/\/estudiocanoarquitectos.difadi.net\/privacy-policy\/"},"modified":"2025-03-18T19:13:27","modified_gmt":"2025-03-18T18:13:27","slug":"privacy-policy","status":"publish","type":"page","link":"https:\/\/www.estudiocano.es\/es\/privacy-policy\/","title":{"rendered":"Pol\u00edtica de privacidad"},"content":{"rendered":"\t\t<div data-elementor-type=\"wp-page\" data-elementor-id=\"2452\" class=\"elementor elementor-2452 elementor-15\" data-elementor-post-type=\"page\">\n\t\t\t\t<div class=\"elementor-element elementor-element-5f71691b e-flex e-con-boxed e-con e-parent\" data-id=\"5f71691b\" data-element_type=\"container\" data-e-type=\"container\">\n\t\t\t\t\t<div class=\"e-con-inner\">\n\t\t\t\t<div class=\"elementor-element elementor-element-60ad9e06 elementor-widget elementor-widget-text-editor\" data-id=\"60ad9e06\" data-element_type=\"widget\" data-e-type=\"widget\" data-widget_type=\"text-editor.default\">\n\t\t\t\t<div class=\"elementor-widget-container\">\n\t\t\t\t\t\t\t\t\t<h5 style=\"text-align: center;\"><strong>\u00a0<\/strong><\/h5><h5 style=\"text-align: center;\"><b style=\"background-color: transparent; color: var( --e-global-color-text ); font-family: var( --e-global-typography-text-font-family ), Sans-serif; text-transform: var( --e-global-typography-text-text-transform ); text-align: var(--text-align);\">POL\u00cdTICA DE PRIVACIDAD DE www.estudiocano.es<\/b><\/h5><p><strong>\u00a0<\/strong><\/p><p><strong>Datos del propietario de la web:<\/strong><\/p><table><tbody><tr><td width=\"174\"><strong>RAZ\u00d3N SOCIAL<\/strong><\/td><td width=\"407\">ESTUDIO CANO ARQUITECTURA SLP<\/td><\/tr><tr><td width=\"174\"><strong>NIF<\/strong><\/td><td width=\"407\">B57819377<\/td><\/tr><tr><td width=\"174\"><strong>DOMINIO<\/strong><\/td><td width=\"407\"><a href=\"http:\/\/www.estudiocano.es\/\">www.estudiocano.es<\/a><\/td><\/tr><tr><td width=\"174\"><strong>DIRECCI\u00d3N POSTAL<\/strong><\/td><td width=\"407\">CAM\u00cd DELS REIS 168, PLANTA 3, 07011 PALMA DE MALLORCA(ILLES BALEARS)<\/td><\/tr><tr><td width=\"174\"><strong>DIRECCI\u00d3N ELECTR\u00d3NICA<\/strong><\/td><td width=\"407\"><a href=\"mailto:info@estudiocano.es\">info@estudiocano.es<\/a><\/td><\/tr><tr><td width=\"174\"><strong>TEL\u00c9FONOS<\/strong><\/td><td width=\"407\">971715171<\/td><\/tr><tr><td width=\"174\"><strong>N\u00ba REGISTRO\/ DATOS ADICIONALES<\/strong><\/td><td width=\"407\">\u00a0<\/td><\/tr><\/tbody><\/table><p><strong>\u00a0<\/strong><\/p><p><strong>\u00a0<\/strong><\/p><p><strong>Protecci\u00f3n de datos<\/strong><\/p><p><span style=\"color: var( --e-global-color-text ); font-family: var( --e-global-typography-text-font-family ), Sans-serif; font-size: var( --e-global-typography-text-font-size ); font-weight: var( --e-global-typography-text-font-weight ); text-transform: var( --e-global-typography-text-text-transform ); text-align: var(--text-align);\">De conformidad con la normativa vigente y aplicable en protecci\u00f3n de datos de car\u00e1cter personal, le informamos que sus datos ser\u00e1n incorporados al sistema de tratamiento titularidad de ESTUDIO CANO ARQUITECTURA SLP con NIF B57819377 y domicilio social sito en CAM\u00cd DELS REIS 168, PLANTA 3, 07011 PALMA DE MALLORCA (ILLES BALEARS). A continuaci\u00f3n, se facilita la informaci\u00f3n de los tratamientos realizados:<\/span><\/p><table><tbody><tr><td style=\"text-align: center;\" colspan=\"2\" width=\"581\"><strong>TRATAMIENTOS REALIZADOS<\/strong><\/td><\/tr><tr><td width=\"138\">Acciones comerciales formulario web<\/td><td width=\"443\"><p><strong>Finalidad: <\/strong>Captaci\u00f3n, registro y tratamiento de datos con finalidades de atender sus consultas y\/o solicitudes, as\u00ed como de publicidad y prospecci\u00f3n comercial.<\/p><p><strong>Plazo de conservaci\u00f3n: <\/strong>mientras se mantenga el consentimiento prestado, salvo obligaci\u00f3n legal.<\/p><p><strong>Base leg\u00edtima: <\/strong>El consentimiento del interesado.<\/p><p><strong>Tipolog\u00eda de Datos:<\/strong><\/p><p><strong>Datos b\u00e1sicos: <\/strong>Nombre y apellidos, Direcci\u00f3n electr\u00f3nica<\/p><\/td><\/tr><tr><td width=\"138\">Newsletter<\/td><td width=\"443\"><p><strong>Finalidad: <\/strong>Gesti\u00f3n de la suscripci\u00f3n a la newsletter, para realizar los env\u00edos correspondientes.<\/p><p><strong>Plazo de conservaci\u00f3n: <\/strong>mientras se mantenga el consentimiento prestado.<\/p><p><strong>Base leg\u00edtima: <\/strong>El consentimiento del interesado.<\/p><p><strong>Tipolog\u00eda de Datos:<\/strong><\/p><p><strong>Datos b\u00e1sicos: <\/strong>Nombre y apellidos, Direcci\u00f3n electr\u00f3nica<\/p><\/td><\/tr><tr><td width=\"138\">Gesti\u00f3n usuarios web<\/td><td width=\"443\"><p><strong>Finalidad: <\/strong>Captaci\u00f3n, registro y tratamiento de datos del usuario.<\/p><p><strong>Plazo de conservaci\u00f3n: <\/strong>mientras se mantenga el consentimiento prestado, salvo obligaci\u00f3n legal.<\/p><p><strong>Base leg\u00edtima: <\/strong>El consentimiento del interesado.<\/p><p><strong>Tipolog\u00eda de Datos:<\/strong><\/p><p><strong>Datos b\u00e1sicos: <\/strong>Nombre y apellidos, Direcci\u00f3n electr\u00f3nica<\/p><\/td><\/tr><tr><td width=\"138\">Gesti\u00f3n Formulario web<\/td><td width=\"443\"><p><strong>Finalidad: <\/strong>Atender sus consultas y\/o solicitudes.<\/p><p><strong>Plazo de conservaci\u00f3n: <\/strong>mientras se mantenga el consentimiento prestado.<\/p><p><strong>Base leg\u00edtima: <\/strong>El consentimiento del interesado.<\/p><p><strong>Tipolog\u00eda de Datos:<\/strong><\/p><p><strong>Datos b\u00e1sicos: <\/strong>Nombre y apellidos, Direcci\u00f3n electr\u00f3nica, Direcci\u00f3n IP<\/p><\/td><\/tr><tr><td width=\"138\">Instalaci\u00f3n de cookies<\/td><td width=\"443\"><p><strong>Finalidad: <\/strong>Gesti\u00f3n e instalaci\u00f3n de las cookies .<\/p><p><strong>Plazo de conservaci\u00f3n: <\/strong>mientras se mantenga el consentimiento prestado.<\/p><p><strong>Base leg\u00edtima: <\/strong>El consentimiento del interesado.<\/p><p><strong>Tipolog\u00eda de Datos:<\/strong><\/p><p><strong>Datos b\u00e1sicos: <\/strong>Direcci\u00f3n electr\u00f3nica, Direcci\u00f3n IP<\/p><\/td><\/tr><\/tbody><\/table><p>\u00a0<\/p><p><strong>Derechos de los interesados<\/strong><\/p><p>ESTUDIO CANO ARQUITECTURA SLP informa a los Usuarios que, podr\u00e1 ejercer los derechos de acceso, rectificaci\u00f3n, limitaci\u00f3n, supresi\u00f3n, portabilidad, oposici\u00f3n al tratamiento de sus datos de car\u00e1cter personal y el derecho a no ser objeto de decisiones automatizadas, incluida la elaboraci\u00f3n de perfiles, ante el Responsable del Tratamiento, as\u00ed como a la retirada del consentimiento prestado.<\/p><ul><li><strong>Derecho de Acceso: <\/strong>Es el derecho del usuario a obtener confirmaci\u00f3n sobre si se est\u00e1n tratando sus datos y, en tal caso, los concretos datos personales tratados y la informaci\u00f3n legal del tratamiento (finalidades, base legitimadora, plazos de conservaci\u00f3n, cesiones, origen de los datos, etc.).<\/li><\/ul><ul><li><strong>Derecho de Rectificaci\u00f3n: <\/strong>Es el derecho del afectado a que se modifiquen los datos que resulten ser inexactos o incompletos. En relaci\u00f3n a la p\u00e1gina web, s\u00f3lo podr\u00e1 satisfacerse en relaci\u00f3n a aquella informaci\u00f3n que se encuentre bajo el control del sitio web, por ejemplo, eliminar comentarios publicados en la propia p\u00e1gina, im\u00e1genes o contenidos web donde consten datos de car\u00e1cter personal del usuario.<\/li><\/ul><ul><li><strong>Derecho a la Limitaci\u00f3n de tratamiento: <\/strong>Es el derecho a que se limiten los fines del tratamiento previstos de forma original por el responsable del tratamiento en determinados supuestos.<\/li><\/ul><ul><li><strong>Derecho de Supresi\u00f3n: <\/strong>Es el derecho a suprimir los datos de car\u00e1cter personal del usuario, a excepci\u00f3n de lo previsto en el propio RGPD (libertad de expresi\u00f3n e informaci\u00f3n, obligaciones de conservaci\u00f3n, formulaci\u00f3n, ejercicio o defensa de reclamaciones, etc.)<\/li><\/ul><ul><li><strong>Derecho a la Portabilidad: <\/strong>El derecho a recibir los datos personales que el usuario haya facilitado, en un formato estructurado, de uso com\u00fan y lectura mec\u00e1nica, y a transmitirlos a otro responsable cuando el tratamiento est\u00e1 basado en el consentimiento o en la ejecuci\u00f3n de un contrato y se efect\u00fae por medios automatizados.<\/li><\/ul><ul><li><strong>Derecho de Oposici\u00f3n: <\/strong>Es el derecho del usuario a que no se lleve a cabo el tratamiento de sus datos de car\u00e1cter personal o se cese el tratamiento de los mismos por parte del sitio web cuando el tratamiento est\u00e9 basado en el inter\u00e9s leg\u00edtimo o el inter\u00e9s p\u00fablico o cuando se trate de tratamientos de mercadotecnia directa.<\/li><\/ul><ul><li><strong>Derecho a no ser objeto de decisiones automatizadas, incluida la elaboraci\u00f3n de perfiles: <\/strong>Cuando el tratamiento no es necesario para la celebraci\u00f3n o ejecuci\u00f3n de un contrato, ni est\u00e1 autorizada por el Derecho de la Uni\u00f3n Europea o de los Estados miembros ni se basa en el consentimiento, tiene derecho a no ser objeto de una decisi\u00f3n basada \u00fanicamente en el tratamiento automatizado, incluida la elaboraci\u00f3n de perfiles, que produzca efectos jur\u00eddicos o le afecte significativamente de modo similar.<\/li><\/ul><ul><li><strong>Derecho a retirar el consentimiento: <\/strong>Para cualquier tratamiento basado en su consentimiento, tiene derecho a retirarlo, en cualquier momento y de manera gratuita.<\/li><\/ul><p>\u00a0<\/p><p>Para ejercer cualquiera de los derechos en materia de protecci\u00f3n de datos descritos anteriormente deber\u00e1 seguir las siguientes indicaciones:<\/p><ul><li>Presentaci\u00f3n de un escrito a la direcci\u00f3n CAM\u00cd DELS REIS 168, PLANTA 3, 07011 PALMA DE MALLORCA (ILLES BALEARS) (a la atenci\u00f3n de ESTUDIO CANO ARQUITECTURASLP) o bien a trav\u00e9s de correo electr\u00f3nico a por correo electr\u00f3nico a <a href=\"mailto:info@estudiocano.es\">info@estudiocano.es<\/a> .<\/li><\/ul><ul><li>El escrito remitido por el titular de los datos personales (interesado\/a) que solicite el ejercicio de derechos deber\u00e1 tener en cuenta lo siguiente:<\/li><\/ul><ul><li style=\"list-style-type: none;\"><ul><li>Deber\u00e1 identificarse fehacientemente y, en el caso de que concurran dudas sobre la identidad del solicitante, se le solicitar\u00e1 que subsane la petici\u00f3n (p. ej. solicitando m\u00e1s informaci\u00f3n, como el n\u00famero de DNI, el documento del DNI, el correo electr\u00f3nico que aport\u00f3, etc.)<\/li><\/ul><\/li><\/ul><ul><li style=\"list-style-type: none;\"><ul><li>La solicitud puede realizarla el representante, legal o voluntario, cuando \u00e9ste est\u00e9 debidamente identificado y autorizado por el titular de los datos (mediante una autorizaci\u00f3n expresa del titular para ejercer los derechos personal\u00edsimos regulados en la normativa en materia de protecci\u00f3n de datos personales).<\/li><\/ul><\/li><\/ul><ul><li style=\"list-style-type: none;\"><ul><li>Petici\u00f3n en que se concreta la solicitud (Derecho\/s que se pretende\/n ejercer). Si no hace referencia a un tratamiento concreto se le facilitar\u00e1 respuesta en relaci\u00f3n a todos los tratamientos que afectan a sus datos de car\u00e1cter personal. Si solicita informaci\u00f3n de un tratamiento en concreto, s\u00f3lo la informaci\u00f3n de \u00e9ste. Si lo solicita por tel\u00e9fono se le indicar\u00e1 que lo haga por escrito y se le informar\u00e1 de c\u00f3mo lo puede hacer y la direcci\u00f3n a la que tiene que enviarlo. Nunca se le dar\u00e1 informaci\u00f3n por tel\u00e9fono.<\/li><\/ul><\/li><\/ul><ul><li style=\"list-style-type: none;\"><ul><li>Direcci\u00f3n postal o electr\u00f3nica a efectos de notificaciones.<\/li><\/ul><\/li><\/ul><ul><li style=\"list-style-type: none;\"><ul><li>Documentos acreditativos de la petici\u00f3n que formula, en caso de que sean necesarios.<\/li><\/ul><\/li><\/ul><ul><li style=\"list-style-type: none;\"><ul><li>La persona solicitante debe utilizar cualquier medio que permita acreditar el env\u00edo y la recepci\u00f3n de la solicitud.<\/li><\/ul><\/li><\/ul><p>\u00a0<\/p><p>Por \u00faltimo, le informamos que tiene derecho a presentar una reclamaci\u00f3n ante la Agencia Espa\u00f1ola de Protecci\u00f3n de Datos en caso de que tenga conocimiento o considere que un hecho pueda suponer un incumplimiento de la normativa aplicable en materia de protecci\u00f3n de datos.<\/p><p>ESTUDIO CANO ARQUITECTURA SLP se compromete a adoptar las medidas t\u00e9cnicas y organizativas necesarias, acorde al nivel de riesgos que acompa\u00f1an los tratamientos realizados por \u00e9stas e indicados en este mismo apartado, de forma que garanticen su integridad, confidencialidad y disponibilidad.<\/p><p>\u00a0<\/p><p><strong>\u00daltima actualizaci\u00f3n: <\/strong>18 de marzo de 2025<\/p><p>\u00a0<\/p><h5 style=\"text-align: center;\"><strong>POL\u00cdTICA DE PRIVACIDAD REDES SOCIALES www.estudiocano.es<\/strong><\/h5><p>De conformidad con lo establecido en la normativa vigente y aplicable de protecci\u00f3n de datos de car\u00e1cter personal y la Ley 34\/2002, de 11 de julio, de Servicios de la Sociedad de la Informaci\u00f3n y de Comercio Electr\u00f3nico (LSSI-CE), ESTUDIO CANO ARQUITECTURA SLP informa a los usuarios, que ha procedido a crear un perfil en la\/s Red\/es Social\/es Facebook, con la finalidad principal de publicitar sus productos y servicios.<\/p><p>\u00a0<\/p><p>Datos de ESTUDIO CANO ARQUITECTURA SLP:<\/p><ul><li>NIF: B57819377<\/li><\/ul><ul><li>DIRECCI\u00d3N: CAM\u00cd DELS REIS 168, PLANTA 3, 07011 PALMA DE MALLORCA (ILLES BALEARS)<\/li><\/ul><ul><li>CORREO ELECTR\u00d3NICO: info@estudiocano.es<\/li><\/ul><p>\u00a0<\/p><p>El usuario dispone de un perfil en la misma Red Social y ha decidido unirse a la p\u00e1gina creada por ESTUDIO CANO ARQUITECTURA SLP, mostrando as\u00ed inter\u00e9s en la informaci\u00f3n que se publicite en la Red. Al unirse a nuestra p\u00e1gina, nos facilita su consentimiento para el tratamiento de aquellos datos personales publicados en su perfil.<\/p><p>El usuario puede acceder en todo momento a las pol\u00edticas de privacidad de la propia Red Social, as\u00ed como configurar su perfil para garantizar su privacidad.<\/p><p>ESTUDIO CANO ARQUITECTURA SLP tiene acceso y trata aquella informaci\u00f3n p\u00fablica del usuario, en especial, su nombre de contacto. Estos datos, s\u00f3lo son utilizados dentro de la propia Red Social. No son incorporados a ning\u00fan sistema de tratamiento.<\/p><p>\u00a0<\/p><p><strong>Derechos de los interesados<\/strong><\/p><p>En relaci\u00f3n a los derechos de acceso, rectificaci\u00f3n, limitaci\u00f3n de tratamiento, supresi\u00f3n, portabilidad y oposici\u00f3n al tratamiento de sus datos de car\u00e1cter personal, de los que usted dispone y que pueden ser ejercitados ante ESTUDIO CANO ARQUITECTURA SLP, de acuerdo con la RGPD, debe tener en cuenta los siguientes matices:<\/p><ul><li>Derecho de Acceso: Es el derecho del usuario a obtener informaci\u00f3n sobre sus datos concretos de car\u00e1cter personal y del tratamiento que se haya realizado o realice, as\u00ed como de la informaci\u00f3n disponible sobre el origen de dichos datos y las comunicaciones realizadas o previstas de los mismos.<\/li><\/ul><ul><li>Derecho de Rectificaci\u00f3n: Es el derecho del afectado a que se modifiquen los datos que resulten ser inexactos o incompletos. S\u00f3lo podr\u00e1 satisfacerse en relaci\u00f3n a aquella informaci\u00f3n que se encuentre bajo el control de ESTUDIO CANO ARQUITECTURA SLP, por ejemplo, eliminar comentarios publicados en la propia p\u00e1gina, im\u00e1genes o contenidos web donde consten datos de car\u00e1cter personal del usuario.<\/li><\/ul><ul><li>Derecho a la Limitaci\u00f3n de tratamiento: Es el derecho a que se limiten los fines del tratamiento previstos de forma original por el responsable del tratamiento.<\/li><\/ul><ul><li>Derecho de Supresi\u00f3n: Es el derecho a suprimir los datos de car\u00e1cter personal del usuario, a excepci\u00f3n de lo previsto en el propio RGPD o en otras normativas aplicables que determinen la obligatoriedad de la conservaci\u00f3n de los mismos, en tiempo y forma.<\/li><\/ul><ul><li>Derecho de portabilidad: El derecho a recibir los datos personales que el usuario, haya facilitado, en un formato estructurado, de uso com\u00fan y lectura mec\u00e1nica, y a transmitirlos a otro responsable.<\/li><\/ul><ul><li>Derecho de Oposici\u00f3n: Es el derecho del usuario a que no se lleve a cabo el tratamiento de sus datos de car\u00e1cter personal o se cese el tratamiento de los mismos por parte de ESTUDIO CANO ARQUITECTURA SLP.<\/li><\/ul><p>\u00a0<\/p><p>ESTUDIO CANO ARQUITECTURA SLP realizar\u00e1 las siguientes actuaciones:<\/p><ul><li>Acceso a la informaci\u00f3n p\u00fablica del perfil.<\/li><\/ul><ul><li>Publicaci\u00f3n en el perfil del usuario de toda aquella informaci\u00f3n ya publicada en la p\u00e1gina de ESTUDIO CANO ARQUITECTURA SLP.<\/li><\/ul><ul><li>Enviar mensajes personales e individuales a trav\u00e9s de los canales de la Red Social.<\/li><\/ul><ul><li>Actualizaciones del estado de la p\u00e1gina que se publicar\u00e1n en el perfil del usuario.<\/li><\/ul><p>El usuario siempre puede controlar sus conexiones, eliminar los contenidos que dejen de interesarle y restringir con qui\u00e9n comparte sus conexiones, para ello deber\u00e1 acceder a su configuraci\u00f3n de privacidad.<\/p><p>\u00a0<\/p><p><strong>Publicaciones<\/strong><\/p><p>El usuario, una vez unido a la p\u00e1gina de ESTUDIO CANO ARQUITECTURA SLP, podr\u00e1 publicar en \u00e9sta \u00faltima comentarios, enlaces, im\u00e1genes o fotograf\u00edas o cualquier otro tipo de contenido multimedia soportado por la Red Social. El usuario, en todos los casos, debe ser el titular de los mismos, gozar de los derechos de autor y de propiedad intelectual o contar con el consentimiento de los terceros afectados. Se proh\u00edbe expresamente cualquier publicaci\u00f3n en la p\u00e1gina, ya sean textos, gr\u00e1ficos, fotograf\u00edas, v\u00eddeos, etc. que atenten o sean susceptibles de atentar contra la moral, la \u00e9tica, el buen gusto o el decoro, y\/o que infrinjan, violen o quebranten los derechos de propiedad intelectual o industrial, el derecho a la imagen o la Ley. En estos casos, ESTUDIO CANO ARQUITECTURA SLP se reserva el derecho a retirar de inmediato el contenido, pudiendo solicitar el bloqueo permanente del usuario.<\/p><p>ESTUDIO CANO ARQUITECTURA SLP no se har\u00e1 responsable de los contenidos que libremente ha publicado un usuario.<\/p><p>El usuario debe tener presente que sus publicaciones ser\u00e1n conocidas por los otros usuarios, por lo que \u00e9l mismo es el principal responsable de su privacidad.<\/p><p>Las im\u00e1genes que puedan publicarse en la p\u00e1gina no ser\u00e1n almacenadas en ning\u00fan sistema de tratamiento por parte de ESTUDIO CANO ARQUITECTURA SLP, pero s\u00ed que permanecer\u00e1n en la Red Social.<\/p><p>\u00a0<\/p><p><strong>Concursos y promociones<\/strong><\/p><p>ESTUDIO CANO ARQUITECTURA SLP se reserva el derecho a realizar concursos y promociones, en los que podr\u00e1 participar el usuario unido a su p\u00e1gina. Las bases de cada uno de ellos, cuando se utilice para ello la plataforma de la Red Social, ser\u00e1n publicadas en la misma. Cumpliendo siempre con la LSSI-CE y con cualquier otra norma que le sea de aplicaci\u00f3n.<\/p><p>La Red Social no patrocina, avala ni administra, de modo alguno, ninguna de nuestras promociones, ni est\u00e1 asociada a ninguna de ellas.<\/p><p>\u00a0<\/p><p><strong>Publicidad<\/strong><\/p><p>ESTUDIO CANO ARQUITECTURA SLP utilizar\u00e1 la Red Social para publicitar sus productos y servicios, en todo caso, si decide tratar sus datos de contacto para realizar acciones directas de prospecci\u00f3n comercial, ser\u00e1 siempre, cumpliendo con las exigencias legales de la normativa en materia de protecci\u00f3n de datos y de la LSSI-CE.<\/p><p>No se considerar\u00e1 publicidad el hecho de recomendar a otros usuarios la p\u00e1gina de ESTUDIO CANO ARQUITECTURA SLP para que tambi\u00e9n ellos puedan disfrutar de las promociones o estar informados de su actividad.<\/p><p>A continuaci\u00f3n, detallamos el enlace a la pol\u00edtica de privacidad de la Red Social:<br \/>Facebook: <a href=\"https:\/\/es-es.facebook.com\/privacy\/explanation\" target=\"_blank\" rel=\"noopener\">https:\/\/es-es.facebook.com\/privacy\/explanation<\/a><\/p><p>\u00a0<\/p><p><strong>\u00daltima actualizaci\u00f3n:<\/strong> 18 de marzo de 2025<\/p>\t\t\t\t\t\t\t\t<\/div>\n\t\t\t\t<\/div>\n\t\t\t\t\t<\/div>\n\t\t\t\t<\/div>\n\t\t\t\t<\/div>\n\t\t","protected":false},"excerpt":{"rendered":"<p>\u00a0 POL\u00cdTICA DE PRIVACIDAD DE www.estudiocano.es \u00a0 Datos del propietario de la web: RAZ\u00d3N SOCIAL ESTUDIO CANO ARQUITECTURA SLP NIF B57819377 DOMINIO www.estudiocano.es DIRECCI\u00d3N POSTAL CAM\u00cd DELS REIS 168, PLANTA 3, 07011 PALMA DE MALLORCA(ILLES BALEARS) DIRECCI\u00d3N ELECTR\u00d3NICA info@estudiocano.es TEL\u00c9FONOS 971715171 N\u00ba REGISTRO\/ DATOS ADICIONALES \u00a0 \u00a0 \u00a0 Protecci\u00f3n de datos De conformidad con la [&hellip;]<\/p>\n","protected":false},"author":1,"featured_media":0,"parent":0,"menu_order":0,"comment_status":"closed","ping_status":"closed","template":"","meta":{"_acf_changed":false,"footnotes":""},"class_list":["post-2452","page","type-page","status-publish","hentry"],"acf":[],"_links":{"self":[{"href":"https:\/\/www.estudiocano.es\/es\/wp-json\/wp\/v2\/pages\/2452","targetHints":{"allow":["GET"]}}],"collection":[{"href":"https:\/\/www.estudiocano.es\/es\/wp-json\/wp\/v2\/pages"}],"about":[{"href":"https:\/\/www.estudiocano.es\/es\/wp-json\/wp\/v2\/types\/page"}],"author":[{"embeddable":true,"href":"https:\/\/www.estudiocano.es\/es\/wp-json\/wp\/v2\/users\/1"}],"replies":[{"embeddable":true,"href":"https:\/\/www.estudiocano.es\/es\/wp-json\/wp\/v2\/comments?post=2452"}],"version-history":[{"count":37,"href":"https:\/\/www.estudiocano.es\/es\/wp-json\/wp\/v2\/pages\/2452\/revisions"}],"predecessor-version":[{"id":3613,"href":"https:\/\/www.estudiocano.es\/es\/wp-json\/wp\/v2\/pages\/2452\/revisions\/3613"}],"wp:attachment":[{"href":"https:\/\/www.estudiocano.es\/es\/wp-json\/wp\/v2\/media?parent=2452"}],"curies":[{"name":"wp","href":"https:\/\/api.w.org\/{rel}","templated":true}]}}