{"id":2444,"date":"2024-03-20T14:49:04","date_gmt":"2024-03-20T13:49:04","guid":{"rendered":"https:\/\/estudiocanoarquitectos.difadi.net\/cookie-policy\/"},"modified":"2024-10-14T13:25:47","modified_gmt":"2024-10-14T11:25:47","slug":"cookie-policy","status":"publish","type":"page","link":"https:\/\/www.estudiocano.es\/de\/cookie-policy\/","title":{"rendered":"Cookie-Richtlinie"},"content":{"rendered":"\t\t<div data-elementor-type=\"wp-page\" data-elementor-id=\"2444\" class=\"elementor elementor-2444 elementor-18\" data-elementor-post-type=\"page\">\n\t\t\t\t<div class=\"elementor-element elementor-element-2bf28a5f e-flex e-con-boxed e-con e-parent\" data-id=\"2bf28a5f\" data-element_type=\"container\" data-e-type=\"container\">\n\t\t\t\t\t<div class=\"e-con-inner\">\n\t\t\t\t<div class=\"elementor-element elementor-element-585f8e6a elementor-widget elementor-widget-text-editor\" data-id=\"585f8e6a\" data-element_type=\"widget\" data-e-type=\"widget\" data-widget_type=\"text-editor.default\">\n\t\t\t\t<div class=\"elementor-widget-container\">\n\t\t\t\t\t\t\t\t\t<p>\u00a0<\/p><p>Conforme a lo dispuesto en el art\u00edculo 22.2 de la Ley 34\/2002, de 11 de julio, de Servicios de la Sociedad de la Informaci\u00f3n y de Comercio Electr\u00f3nico (LSSI-CE) vigente, ESTUDIO CANO ARQUITECTURA SLP debe cumplir con la obligaci\u00f3n de informar sobre las cookies que utiliza y sus finalidades.<\/p><p>Este sitio web utiliza cookies y\/o tecnolog\u00edas similares que almacenan y recuperan informaci\u00f3n cuando navegas. Las cookies permiten a una p\u00e1gina web, entre otras cosas, almacenar y recuperar informaci\u00f3n sobre los h\u00e1bitos de navegaci\u00f3n de un Usuario o de su equipo y, dependiendo de la informaci\u00f3n que contenga y de la forma en que utilice su equipo, pueden utilizarse para reconocer al Usuario.<\/p><p>Las cookies son esenciales para el funcionamiento de internet, aportando innumerables ventajas en la prestaci\u00f3n de servicios interactivos, facilit\u00e1ndole al Usuario la navegaci\u00f3n y usabilidad de nuestra web.<\/p><p>El usuario puede modificar la configuraci\u00f3n personalizada.<\/p><p>La informaci\u00f3n que le proporcionamos a continuaci\u00f3n le ayudar\u00e1 a comprender los diferentes tipos de cookies:<\/p><table><tbody><tr><td colspan=\"3\" width=\"581\"><p style=\"text-align: center;\"><strong>TIPOS DE COOKIES<\/strong><\/p><\/td><\/tr><tr><td rowspan=\"2\" width=\"135\"><p><strong>SEG\u00daN LA ENTIDAD QUE LAS GESTIONE<\/strong><\/p><\/td><td width=\"148\">COOKIES PROPIAS<\/td><td width=\"298\">Son aquellas que se env\u00edan al equipo terminal del usuario desde un equipo o dominio gestionado por el propio editor y desde el que se presta el servicio solicitado por el usuario.<\/td><\/tr><tr><td width=\"148\">COOKIES DE TERCERO<\/td><td width=\"298\">Son aquellas que se env\u00edan al equipo terminal del usuario desde un equipo o dominio que no es gestionado por el editor, sino por otra entidad que trata los datos obtenidos a trav\u00e9s de las cookies.<\/td><\/tr><tr><td rowspan=\"2\" width=\"135\"><p><strong>SEG\u00daN EL PLAZO DE TIEMPO QUE PERMANEZCAN ACTIVADAS<\/strong><\/p><\/td><td width=\"148\">COOKIES DE SESI\u00d3N<\/td><td width=\"298\">Son aquellas dise\u00f1adas para recabar y almacenar datos mientras el usuario accede a una p\u00e1gina web. Se suelen emplear para almacenar informaci\u00f3n que solo interesa conservar para la prestaci\u00f3n del servicio solicitado por el usuario en una sola ocasi\u00f3n (por ejemplo, una lista de productos adquiridos) y desaparecen al terminar la sesi\u00f3n.<\/td><\/tr><tr><td width=\"148\">COOKIES PERSISTENTES<\/td><td width=\"298\">Son aquellas en las que los datos siguen almacenados en el terminal y pueden ser accedidos y tratados durante un periodo definido por el responsable de la cookie, y que puede ir de unos minutos a varios a\u00f1os.<\/td><\/tr><tr><td rowspan=\"5\" width=\"235\"><p><strong>SEG\u00daN<\/strong><strong> SU F<\/strong><strong>INALIDAD<\/strong><\/p><\/td><td width=\"148\">COOKIES T\u00c9CNICAS<\/td><td width=\"298\">Son aquellas que permiten al usuario la navegaci\u00f3n a trav\u00e9s de una p\u00e1gina web, plataforma o aplicaci\u00f3n y la utilizaci\u00f3n de las diferentes opciones o servicios que en ella existan<\/td><\/tr><tr><td width=\"148\">COOKIES DE PERSONALIZACI\u00d3N<\/td><td width=\"298\">Permiten aplicar caracter\u00edsticas propias para la navegaci\u00f3n del usuario por el website (Ej. idioma).<\/td><\/tr><tr><td width=\"148\"><p>COOKIES DE AN\u00c1LISIS<\/p><\/td><td width=\"298\">Son aquellas que permiten al responsable de estas el seguimiento y an\u00e1lisis del comportamiento de los usuarios de los sitios web a los que est\u00e1n vinculadas, incluida la cuantificaci\u00f3n de los impactos de los anuncios. La informaci\u00f3n recogida mediante este tipo de cookies se utiliza en la medici\u00f3n de la actividad de los sitios web, aplicaci\u00f3n o plataforma, con el fin de introducir mejoras en funci\u00f3n del an\u00e1lisis de los datos de uso que hacen los usuarios del servicio.<\/td><\/tr><tr><td width=\"148\">COOKIES PUBLICITARIAS<\/td><td width=\"298\">Permiten al editor incluir en la p\u00e1gina web espacios publicitarios, seg\u00fan el contenido de la propia web.<\/td><\/tr><tr><td width=\"148\">COOKIES DE PUBLICIDAD COMPORTAMENTAL<\/td><td width=\"298\">Son aquellas que almacenan informaci\u00f3n del comportamiento de los usuarios obtenida a trav\u00e9s de la observaci\u00f3n continuada de sus h\u00e1bitos de navegaci\u00f3n, lo que permite desarrollar un perfil espec\u00edfico para mostrar publicidad en funci\u00f3n del mismo.<\/td><\/tr><\/tbody><\/table><p>\u00a0<\/p><p>Adicionalmente, ESTUDIO CANO ARQUITECTURA SLP informa de manera m\u00e1s detallada de las cookies que utiliza sus titulares, el uso o finalidad concreta, los plazos de conservaci\u00f3n, as\u00ed como de las posibles Transferencias Internacionales de datos de cada una de ellas utilizadas en nuestra p\u00e1gina web:<\/p><table width=\"1100\"><tbody><tr><td style=\"text-align: center;\" colspan=\"5\" width=\"1100\"><strong>COOKIES PROPIAS<\/strong><\/td><\/tr><tr><td><strong>Tipo<\/strong><\/td><td><strong>Titular<\/strong><\/td><td><strong>Cookie<\/strong><\/td><td><strong>Finalidad<\/strong><\/td><td><strong>Conservaci\u00f3n<\/strong><\/td><\/tr><tr><td rowspan=\"7\">T\u00e9cnicas<\/td><td rowspan=\"7\">Complianz<\/td><td>cmplz_banner-status<\/td><td>para almacenar si se ha descartado el banner de cookies.<\/td><td>1 a\u00f1o<\/td><\/tr><tr><td>cmplz_consented_services<\/td><td>para almacenar las preferencias de consentimiento de cookies.<\/td><td>1 a\u00f1o<\/td><\/tr><tr><td>cmplz_functional<\/td><td>para\u00a0almacenar las preferencias de consentimiento de cookies.<\/td><td>1 a\u00f1o<\/td><\/tr><tr><td>cmplz_marketing<\/td><td>para\u00a0almacenar las preferencias de consentimiento de cookies.<\/td><td>1 a\u00f1o<\/td><\/tr><tr><td>cmplz_policy_id<\/td><td>para\u00a0almacenar el ID de la pol\u00edtica de cookies aceptada.<\/td><td>1 a\u00f1o<\/td><\/tr><tr><td>cmplz_preferences<\/td><td>para\u00a0almacenar las preferencias de consentimiento de cookies.<\/td><td>1 a\u00f1o<\/td><\/tr><tr><td>cmplz_statistics<\/td><td>para\u00a0almacenar las preferencias de consentimiento de cookies.<\/td><td>1 a\u00f1o<\/td><\/tr><tr><td rowspan=\"3\">Personalizaci\u00f3n<\/td><td>WPML<\/td><td>wp-wpml_current_language<\/td><td>para\u00a0almacenar la configuraci\u00f3n de idioma.<\/td><td>1 d\u00eda<\/td><\/tr><tr><td>\u00a0<\/td><td>\u00a0<\/td><td>\u00a0<\/td><td>\u00a0<\/td><\/tr><tr><td>\u00a0<\/td><td>\u00a0<\/td><td>\u00a0<\/td><td>\u00a0<\/td><\/tr><tr><td rowspan=\"3\">An\u00e1lisis<\/td><td>\u00a0<\/td><td>\u00a0<\/td><td>\u00a0<\/td><td>\u00a0<\/td><\/tr><tr><td>\u00a0<\/td><td>\u00a0<\/td><td>\u00a0<\/td><td>\u00a0<\/td><\/tr><tr><td>\u00a0<\/td><td>\u00a0<\/td><td>\u00a0<\/td><td>\u00a0<\/td><\/tr><tr><td rowspan=\"3\" width=\"154\">Publicidad\/<br \/>Publicidad comportamental<\/td><td>\u00a0<\/td><td>\u00a0<\/td><td>\u00a0<\/td><td>\u00a0<\/td><\/tr><tr><td>\u00a0<\/td><td>\u00a0<\/td><td>\u00a0<\/td><td>\u00a0<\/td><\/tr><tr><td>\u00a0<\/td><td>\u00a0<\/td><td>\u00a0<\/td><td>\u00a0<\/td><\/tr><\/tbody><\/table><table><tbody><tr><td style=\"text-align: center;\" colspan=\"5\" width=\"576\"><strong>COOKIES DE TERCEROS<\/strong><\/td><\/tr><tr><td width=\"101\"><strong>Tipo<\/strong><\/td><td width=\"118\"><strong>Titular<\/strong><\/td><td width=\"118\"><strong>Cookie<\/strong><\/td><td width=\"146\"><strong>Finalidad<\/strong><\/td><td width=\"94\"><strong>Conservaci\u00f3n<\/strong><\/td><\/tr><tr><td rowspan=\"3\" width=\"101\"><p>T\u00e9cnicas<\/p><\/td><td width=\"118\">\u00a0<\/td><td width=\"118\">\u00a0<\/td><td width=\"146\">\u00a0<\/td><td width=\"94\">\u00a0<\/td><\/tr><tr><td width=\"118\">\u00a0<\/td><td width=\"118\">\u00a0<\/td><td width=\"146\">\u00a0<\/td><td width=\"94\">\u00a0<\/td><\/tr><tr><td width=\"118\">\u00a0<\/td><td width=\"118\">\u00a0<\/td><td width=\"146\">\u00a0<\/td><td width=\"94\">\u00a0<\/td><\/tr><tr><td rowspan=\"3\" width=\"101\"><p>Personalizaci\u00f3n<\/p><\/td><td width=\"118\">\u00a0<\/td><td width=\"118\">\u00a0<\/td><td width=\"146\">\u00a0<\/td><td width=\"94\">\u00a0<\/td><\/tr><tr><td width=\"118\">\u00a0<\/td><td width=\"118\">\u00a0<\/td><td width=\"146\">\u00a0<\/td><td width=\"94\">\u00a0<\/td><\/tr><tr><td width=\"118\">\u00a0<\/td><td width=\"118\">\u00a0<\/td><td width=\"146\">\u00a0<\/td><td width=\"94\">\u00a0<\/td><\/tr><tr><td rowspan=\"3\" width=\"101\"><p>An\u00e1lisis<\/p><\/td><td width=\"118\">\u00a0<\/td><td width=\"118\">\u00a0<\/td><td width=\"146\">\u00a0<\/td><td width=\"94\">\u00a0<\/td><\/tr><tr><td width=\"118\">\u00a0<\/td><td width=\"118\">\u00a0<\/td><td width=\"146\">\u00a0<\/td><td width=\"94\">\u00a0<\/td><\/tr><tr><td width=\"118\">\u00a0<\/td><td width=\"118\">\u00a0<\/td><td width=\"146\">\u00a0<\/td><td width=\"94\">\u00a0<\/td><\/tr><tr><td rowspan=\"3\" width=\"101\"><p>Publicidad\/ Publicidad comportamental<\/p><\/td><td width=\"118\">\u00a0<\/td><td width=\"118\">\u00a0<\/td><td width=\"146\">\u00a0<\/td><td width=\"94\">\u00a0<\/td><\/tr><tr><td width=\"118\">\u00a0<\/td><td width=\"118\">\u00a0<\/td><td width=\"146\">\u00a0<\/td><td width=\"94\">\u00a0<\/td><\/tr><tr><td width=\"118\">\u00a0<\/td><td width=\"118\">\u00a0<\/td><td width=\"146\">\u00a0<\/td><td width=\"94\">\u00a0<\/td><\/tr><\/tbody><\/table><p>\u00a0<\/p><p>Puede informarse de las transferencias internacionales a terceros pa\u00edses que, en su caso, realizan los TERCEROS, identificados en esta pol\u00edtica de cookies, en sus correspondientes pol\u00edticas (hacer click encima del titular de la cookie).<\/p><p>ESTUDIO CANO ARQUITECTURA SLP informa de manera m\u00e1s exhaustiva la informaci\u00f3n relativa a las transferencias internacionales derivadas de la utilizaci\u00f3n de cookies propias:<\/p><table><tbody><tr><td style=\"text-align: center;\" colspan=\"4\" width=\"582\"><strong>TRANSFERENCIAS INTERNACIONALES<\/strong><\/td><\/tr><tr><td width=\"80\"><strong>Titular<\/strong><\/td><td width=\"85\"><strong>Cookie<\/strong><\/td><td width=\"233\"><strong>Pa\u00eds de la transferencia<\/strong><\/td><td width=\"183\"><strong>R\u00e9gimen aplicado<\/strong><\/td><\/tr><tr><td width=\"80\">\u00a0<\/td><td width=\"85\">\u00a0<\/td><td width=\"233\">\u00a0<\/td><td width=\"183\">\u00a0<\/td><\/tr><tr><td width=\"80\">\u00a0<\/td><td width=\"85\">\u00a0<\/td><td width=\"233\">\u00a0<\/td><td width=\"183\">\u00a0<\/td><\/tr><tr><td width=\"80\">\u00a0<\/td><td width=\"85\">\u00a0<\/td><td width=\"233\">\u00a0<\/td><td width=\"183\">\u00a0<\/td><\/tr><tr><td width=\"80\">\u00a0<\/td><td width=\"85\">\u00a0<\/td><td width=\"233\">\u00a0<\/td><td width=\"183\">\u00a0<\/td><\/tr><tr><td width=\"80\">\u00a0<\/td><td width=\"85\">\u00a0<\/td><td width=\"233\">\u00a0<\/td><td width=\"183\">\u00a0<\/td><\/tr><tr><td width=\"80\">\u00a0<\/td><td width=\"85\">\u00a0<\/td><td width=\"233\">\u00a0<\/td><td width=\"183\">\u00a0<\/td><\/tr><\/tbody><\/table><p>\u00a0<\/p><p>T\u00e9ngase en cuenta que, si acepta las cookies de terceros, deber\u00e1 eliminarlas desde las opciones del navegador o desde el sistema ofrecido por el propio tercero.<\/p><p>A continuaci\u00f3n, le proporcionamos los enlaces de diversos navegadores, a trav\u00e9s de los cuales podr\u00e1 modificar la configuraci\u00f3n de su navegador sobre el uso de cookies:<\/p><ul><li><strong>Firefox:<\/strong> <a href=\"https:\/\/support.mozilla.org\/es\/kb\/cookies-informacion-que-los-sitios-web-guardan-en-\" target=\"_blank\" rel=\"noopener\">https:\/\/support.mozilla.org\/es\/kb\/cookies-informacion-que-los-sitios-web-guardan-en-<\/a><\/li><\/ul><ul><li><strong>Chrome<\/strong>: <a href=\"http:\/\/support.google.com\/chrome\/bin\/answer.py?hl=es&amp;answer=95647\" target=\"_blank\" rel=\"noopener\">http:\/\/support.google.com\/chrome\/bin\/answer.py?hl=es&amp;answer=95647<\/a><\/li><\/ul><ul><li><strong>Internet\u00a0 Explorer: <\/strong><a href=\"http:\/\/windows.microsoft.com\/es-es\/internet-explorer\/delete-manage-cookies#ie%3Die-10\" target=\"_blank\" rel=\"noopener\">http:\/\/windows.microsoft.com\/es-es\/internet-explorer\/delete-manage-<\/a> <a href=\"http:\/\/windows.microsoft.com\/es-es\/internet-explorer\/delete-manage-cookies#ie%3Die-10\" target=\"_blank\" rel=\"noopener\">cookies#ie=ie-10<\/a><\/li><\/ul><ul><li><strong>Microsoft\u00a0 Edge: <\/strong><a href=\"https:\/\/support.microsoft.com\/es-es\/microsoft-edge\/eliminar-las-cookies-en-microsoft-edge-63947406-40ac-c3b8-57b9-2a946a29ae09\" target=\"_blank\" rel=\"noopener\">https:\/\/support.microsoft.com\/es-es\/microsoft-edge\/eliminar-las-cookies-en-<\/a> <a href=\"https:\/\/support.microsoft.com\/es-es\/microsoft-edge\/eliminar-las-cookies-en-microsoft-edge-63947406-40ac-c3b8-57b9-2a946a29ae09\" target=\"_blank\" rel=\"noopener\">microsoft-edge-63947406-40ac-c3b8-57b9-2a946a29ae09<\/a><\/li><\/ul><ul><li style=\"text-align: left;\"><strong>Safari: <\/strong><a href=\"https:\/\/support.apple.com\/kb\/ph17191?locale=es_ES\" target=\"_blank\" rel=\"noopener\">https:\/\/support.apple.com\/kb\/ph17191?locale=es_ES<\/a><\/li><\/ul><ul><li><strong>Opera:<\/strong> <a href=\"https:\/\/help.opera.com\/en\/latest\/web-preferences\/#cookies\" target=\"_blank\" rel=\"noopener\">https:\/\/help.opera.com\/en\/latest\/web-preferences\/#cookies<\/a><\/li><\/ul><p>Para conocer m\u00e1s informaci\u00f3n sobre el tratamiento de datos personales, le recomendamos visitar nuestro apartado \u201c<em>Pol\u00edtica de Privacidad<\/em>\u201d.<\/p><p>\u00a0<\/p><p>\u00a0<\/p><p><strong>\u00daltima actualizaci\u00f3n<\/strong>: 30 de julio de 2024<\/p>\t\t\t\t\t\t\t\t<\/div>\n\t\t\t\t<\/div>\n\t\t\t\t\t<\/div>\n\t\t\t\t<\/div>\n\t\t\t\t<\/div>\n\t\t","protected":false},"excerpt":{"rendered":"<p>\u00a0 Conforme a lo dispuesto en el art\u00edculo 22.2 de la Ley 34\/2002, de 11 de julio, de Servicios de la Sociedad de la Informaci\u00f3n y de Comercio Electr\u00f3nico (LSSI-CE) vigente, ESTUDIO CANO ARQUITECTURA SLP debe cumplir con la obligaci\u00f3n de informar sobre las cookies que utiliza y sus finalidades. Este sitio web utiliza cookies [&hellip;]<\/p>\n","protected":false},"author":1,"featured_media":0,"parent":0,"menu_order":0,"comment_status":"closed","ping_status":"closed","template":"","meta":{"_acf_changed":false,"footnotes":""},"class_list":["post-2444","page","type-page","status-publish","hentry"],"acf":[],"_links":{"self":[{"href":"https:\/\/www.estudiocano.es\/de\/wp-json\/wp\/v2\/pages\/2444","targetHints":{"allow":["GET"]}}],"collection":[{"href":"https:\/\/www.estudiocano.es\/de\/wp-json\/wp\/v2\/pages"}],"about":[{"href":"https:\/\/www.estudiocano.es\/de\/wp-json\/wp\/v2\/types\/page"}],"author":[{"embeddable":true,"href":"https:\/\/www.estudiocano.es\/de\/wp-json\/wp\/v2\/users\/1"}],"replies":[{"embeddable":true,"href":"https:\/\/www.estudiocano.es\/de\/wp-json\/wp\/v2\/comments?post=2444"}],"version-history":[{"count":7,"href":"https:\/\/www.estudiocano.es\/de\/wp-json\/wp\/v2\/pages\/2444\/revisions"}],"predecessor-version":[{"id":3362,"href":"https:\/\/www.estudiocano.es\/de\/wp-json\/wp\/v2\/pages\/2444\/revisions\/3362"}],"wp:attachment":[{"href":"https:\/\/www.estudiocano.es\/de\/wp-json\/wp\/v2\/media?parent=2444"}],"curies":[{"name":"wp","href":"https:\/\/api.w.org\/{rel}","templated":true}]}}