{"id":2401,"date":"2024-03-21T09:12:10","date_gmt":"2024-03-21T08:12:10","guid":{"rendered":"https:\/\/estudiocanoarquitectos.difadi.net\/contact\/"},"modified":"2025-03-10T11:18:21","modified_gmt":"2025-03-10T10:18:21","slug":"kontakt","status":"publish","type":"page","link":"https:\/\/www.estudiocano.es\/de\/kontakt\/","title":{"rendered":"Kontakt"},"content":{"rendered":"\t\t<div data-elementor-type=\"wp-page\" data-elementor-id=\"2401\" class=\"elementor elementor-2401 elementor-153\" data-elementor-post-type=\"page\">\n\t\t\t\t<div class=\"elementor-element elementor-element-9b76593 e-con-full e-flex e-con e-parent\" data-id=\"9b76593\" data-element_type=\"container\" data-e-type=\"container\">\n\t\t<div class=\"elementor-element elementor-element-5521904 e-flex e-con-boxed e-con e-child\" data-id=\"5521904\" data-element_type=\"container\" data-e-type=\"container\">\n\t\t\t\t\t<div class=\"e-con-inner\">\n\t\t<div class=\"elementor-element elementor-element-34276a6 e-flex e-con-boxed e-con e-child\" data-id=\"34276a6\" data-element_type=\"container\" data-e-type=\"container\">\n\t\t\t\t\t<div class=\"e-con-inner\">\n\t\t\t\t<div class=\"elementor-element elementor-element-4c7f778 elementor-widget elementor-widget-heading\" data-id=\"4c7f778\" data-element_type=\"widget\" data-e-type=\"widget\" data-widget_type=\"heading.default\">\n\t\t\t\t<div class=\"elementor-widget-container\">\n\t\t\t\t\t<h2 class=\"elementor-heading-title elementor-size-default\">SIE K\u00d6NNEN UNS FINDEN UNTER<\/h2>\t\t\t\t<\/div>\n\t\t\t\t<\/div>\n\t\t\t\t<div class=\"elementor-element elementor-element-1234597 elementor-widget__width-initial elementor-icon-list--layout-traditional elementor-list-item-link-full_width elementor-widget elementor-widget-icon-list\" data-id=\"1234597\" data-element_type=\"widget\" data-e-type=\"widget\" data-widget_type=\"icon-list.default\">\n\t\t\t\t<div class=\"elementor-widget-container\">\n\t\t\t\t\t\t\t<ul class=\"elementor-icon-list-items\">\n\t\t\t\t\t\t\t<li class=\"elementor-icon-list-item\">\n\t\t\t\t\t\t\t\t\t\t\t<a href=\"https:\/\/maps.app.goo.gl\/nabuiydcc9u4KDQt6\" target=\"_blank\" rel=\"noopener\">\n\n\t\t\t\t\t\t\t\t\t\t\t<span class=\"elementor-icon-list-text\">Cam\u00ed dels Reis, 168 <br>Etage 3 <br>07011 Palma de Mallorca<\/span>\n\t\t\t\t\t\t\t\t\t\t\t<\/a>\n\t\t\t\t\t\t\t\t\t<\/li>\n\t\t\t\t\t\t\t\t<li class=\"elementor-icon-list-item\">\n\t\t\t\t\t\t\t\t\t\t\t<a href=\"tel:+34971717185\">\n\n\t\t\t\t\t\t\t\t\t\t\t<span class=\"elementor-icon-list-text\">+34 971 71 71 85<\/span>\n\t\t\t\t\t\t\t\t\t\t\t<\/a>\n\t\t\t\t\t\t\t\t\t<\/li>\n\t\t\t\t\t\t<\/ul>\n\t\t\t\t\t\t<\/div>\n\t\t\t\t<\/div>\n\t\t\t\t\t<\/div>\n\t\t\t\t<\/div>\n\t\t<div class=\"elementor-element elementor-element-f715b98 e-flex e-con-boxed e-con e-child\" data-id=\"f715b98\" data-element_type=\"container\" data-e-type=\"container\">\n\t\t\t\t\t<div class=\"e-con-inner\">\n\t\t\t\t<div class=\"elementor-element elementor-element-3b49cea elementor-widget elementor-widget-heading\" data-id=\"3b49cea\" data-element_type=\"widget\" data-e-type=\"widget\" data-widget_type=\"heading.default\">\n\t\t\t\t<div class=\"elementor-widget-container\">\n\t\t\t\t\t<h2 class=\"elementor-heading-title elementor-size-default\">F\u00dcR ANFRAGEN ODER ZUSAMMENARBEIT, WENDEN SIE SICH BITTE AN\n<\/h2>\t\t\t\t<\/div>\n\t\t\t\t<\/div>\n\t\t\t\t<div class=\"elementor-element elementor-element-7e07eb6 elementor-widget__width-initial elementor-icon-list--layout-traditional elementor-list-item-link-full_width elementor-widget elementor-widget-icon-list\" data-id=\"7e07eb6\" data-element_type=\"widget\" data-e-type=\"widget\" data-widget_type=\"icon-list.default\">\n\t\t\t\t<div class=\"elementor-widget-container\">\n\t\t\t\t\t\t\t<ul class=\"elementor-icon-list-items\">\n\t\t\t\t\t\t\t<li class=\"elementor-icon-list-item\">\n\t\t\t\t\t\t\t\t\t\t\t<a href=\"mailto:info@estudiocano.es\" target=\"_blank\">\n\n\t\t\t\t\t\t\t\t\t\t\t<span class=\"elementor-icon-list-text\">info@estudiocano.es<\/span>\n\t\t\t\t\t\t\t\t\t\t\t<\/a>\n\t\t\t\t\t\t\t\t\t<\/li>\n\t\t\t\t\t\t<\/ul>\n\t\t\t\t\t\t<\/div>\n\t\t\t\t<\/div>\n\t\t\t\t\t<\/div>\n\t\t\t\t<\/div>\n\t\t<div class=\"elementor-element elementor-element-f551b02 e-flex e-con-boxed e-con e-child\" data-id=\"f551b02\" data-element_type=\"container\" data-e-type=\"container\">\n\t\t\t\t\t<div class=\"e-con-inner\">\n\t\t\t\t<div class=\"elementor-element elementor-element-5a2cae8 elementor-widget elementor-widget-heading\" data-id=\"5a2cae8\" data-element_type=\"widget\" data-e-type=\"widget\" data-widget_type=\"heading.default\">\n\t\t\t\t<div class=\"elementor-widget-container\">\n\t\t\t\t\t<h2 class=\"elementor-heading-title elementor-size-default\">WENN SIE MIT UNS ZUSAMMENARBEITEN M\u00d6CHTEN, SENDEN SIE IHREN LEBENSLAUF UND IHR PORTFOLIO AN\n<\/h2>\t\t\t\t<\/div>\n\t\t\t\t<\/div>\n\t\t\t\t<div class=\"elementor-element elementor-element-9576a87 elementor-widget__width-initial elementor-icon-list--layout-traditional elementor-list-item-link-full_width elementor-widget elementor-widget-icon-list\" data-id=\"9576a87\" data-element_type=\"widget\" data-e-type=\"widget\" data-widget_type=\"icon-list.default\">\n\t\t\t\t<div class=\"elementor-widget-container\">\n\t\t\t\t\t\t\t<ul class=\"elementor-icon-list-items\">\n\t\t\t\t\t\t\t<li class=\"elementor-icon-list-item\">\n\t\t\t\t\t\t\t\t\t\t\t<a href=\"mailto:jobs@estudiocano.es\" target=\"_blank\">\n\n\t\t\t\t\t\t\t\t\t\t\t<span class=\"elementor-icon-list-text\">jobs@estudiocano.es <\/span>\n\t\t\t\t\t\t\t\t\t\t\t<\/a>\n\t\t\t\t\t\t\t\t\t<\/li>\n\t\t\t\t\t\t<\/ul>\n\t\t\t\t\t\t<\/div>\n\t\t\t\t<\/div>\n\t\t\t\t\t<\/div>\n\t\t\t\t<\/div>\n\t\t\t\t\t<\/div>\n\t\t\t\t<\/div>\n\t\t<div class=\"elementor-element elementor-element-0d2439e e-flex e-con-boxed e-con e-child\" data-id=\"0d2439e\" data-element_type=\"container\" data-e-type=\"container\">\n\t\t\t\t\t<div class=\"e-con-inner\">\n\t\t\t\t<div class=\"elementor-element elementor-element-a035d00 elementor-widget elementor-widget-html\" data-id=\"a035d00\" data-element_type=\"widget\" data-e-type=\"widget\" data-widget_type=\"html.default\">\n\t\t\t\t<div class=\"elementor-widget-container\">\n\t\t\t\t\t<div>\n\n\n    <title>Personalisierte Karte mit Marker und Styles<\/title>\n    <style>\n        \/* Establece el tama\u00f1o del mapa *\/\n        #map {\n            height: 550px;\n            width: 100%;\n        }\n    <\/style>\n\n\n    <div id=\"map\"><\/div>\n    <script src=\"https:\/\/maps.googleapis.com\/maps\/api\/js?key=AIzaSyBH-KfjbXliWP0lQOKH1SmZCnjG1tneAUI&amp;callback=initMap\" async=\"\" defer><\/script>\n    <script>\n        function initMap() {\n            var center = {lat: 39.59485200102931, lng: 2.636664346055423}; \/\/ Coordenadas de Estudio Cano Arquitectura\n            var map = new google.maps.Map(document.getElementById('map'), {\n                center: center,\n                zoom: 14, \/\/ Ajusta el zoom para un enfoque m\u00e1s cercano\n                styles: [\n                    {\n                        \"featureType\": \"administrative\",\n                        \"elementType\": \"labels.text.fill\",\n                        \"stylers\": [{\"color\": \"#444444\"}]\n                    },\n                    {\n                        \"featureType\": \"landscape\",\n                        \"elementType\": \"all\",\n                        \"stylers\": [{\"color\": \"#f2f2f2\"}]\n                    },\n                    {\n                        \"featureType\": \"poi\",\n                        \"elementType\": \"all\",\n                        \"stylers\": [{\"visibility\": \"off\"}]\n                    },\n                    {\n                        \"featureType\": \"road\",\n                        \"elementType\": \"all\",\n                        \"stylers\": [\n                            {\"saturation\": -100},\n                            {\"lightness\": 45}\n                        ]\n                    },\n                    {\n                        \"featureType\": \"road.highway\",\n                        \"elementType\": \"all\",\n                        \"stylers\": [{\"visibility\": \"simplified\"}]\n                    },\n                    {\n                        \"featureType\": \"road.arterial\",\n                        \"elementType\": \"labels.icon\",\n                        \"stylers\": [{\"visibility\": \"off\"}]\n                    },\n                    {\n                        \"featureType\": \"transit\",\n                        \"elementType\": \"all\",\n                        \"stylers\": [{\"visibility\": \"off\"}]\n                    },\n                    {\n                        \"featureType\": \"water\",\n                        \"elementType\": \"all\",\n                        \"stylers\": [\n                            {\"color\": \"#ffffff\"},\n                            {\"visibility\": \"on\"}\n                        ]\n                    }\n                ]\n            });\n\n            var marker = new google.maps.Marker({\n                position: center,\n                map: map,\n                title: 'Estudio Cano Arquitectura' \/\/ Tooltip para el marcador\n            });\n        }\n    <\/script>\n<\/ody>\n<\/html>\n<\/div>\t\t\t\t<\/div>\n\t\t\t\t<\/div>\n\t\t\t\t\t<\/div>\n\t\t\t\t<\/div>\n\t\t\t\t<\/div>\n\t\t\t\t<\/div>\n\t\t","protected":false},"excerpt":{"rendered":"<p>SIE K\u00d6NNEN UNS FINDEN UNTER Cam\u00ed dels Reis, 168 Etage 3 07011 Palma de Mallorca +34 971 71 71 85 F\u00dcR ANFRAGEN ODER ZUSAMMENARBEIT, WENDEN SIE SICH BITTE AN info@estudiocano.es WENN SIE MIT UNS ZUSAMMENARBEITEN M\u00d6CHTEN, SENDEN SIE IHREN LEBENSLAUF UND IHR PORTFOLIO AN jobs@estudiocano.es Personalisierte Karte mit Marker und Styles<\/p>\n","protected":false},"author":1,"featured_media":0,"parent":0,"menu_order":0,"comment_status":"closed","ping_status":"closed","template":"","meta":{"_acf_changed":false,"footnotes":""},"class_list":["post-2401","page","type-page","status-publish","hentry"],"acf":[],"_links":{"self":[{"href":"https:\/\/www.estudiocano.es\/de\/wp-json\/wp\/v2\/pages\/2401","targetHints":{"allow":["GET"]}}],"collection":[{"href":"https:\/\/www.estudiocano.es\/de\/wp-json\/wp\/v2\/pages"}],"about":[{"href":"https:\/\/www.estudiocano.es\/de\/wp-json\/wp\/v2\/types\/page"}],"author":[{"embeddable":true,"href":"https:\/\/www.estudiocano.es\/de\/wp-json\/wp\/v2\/users\/1"}],"replies":[{"embeddable":true,"href":"https:\/\/www.estudiocano.es\/de\/wp-json\/wp\/v2\/comments?post=2401"}],"version-history":[{"count":27,"href":"https:\/\/www.estudiocano.es\/de\/wp-json\/wp\/v2\/pages\/2401\/revisions"}],"predecessor-version":[{"id":3552,"href":"https:\/\/www.estudiocano.es\/de\/wp-json\/wp\/v2\/pages\/2401\/revisions\/3552"}],"wp:attachment":[{"href":"https:\/\/www.estudiocano.es\/de\/wp-json\/wp\/v2\/media?parent=2401"}],"curies":[{"name":"wp","href":"https:\/\/api.w.org\/{rel}","templated":true}]}}